{"id":2,"date":"2017-03-21T04:19:23","date_gmt":"2017-03-21T04:19:23","guid":{"rendered":"http:\/\/eestimitmikud.ee\/?page_id=2"},"modified":"2022-06-22T11:29:57","modified_gmt":"2022-06-22T08:29:57","slug":"avaleht","status":"publish","type":"page","link":"https:\/\/www.eestimitmikud.ee\/","title":{"rendered":"Avaleht"},"content":{"rendered":"<p>Olete j\u00f5udnud MT\u00dc Eesti Mitmikud veebikoju, tere tulemast!<\/p>\n<p>Sinu peres kasvavad kaksikud, kolmikud v\u00f5i nelikud ehk mitmikud? Siia koondame info mitmike ja nendega seotud tegemiste kohta.<\/p>\n<p>MT\u00dc Eesti Mitmikud loodi 2017. aasta alguses kolme hakkaja naise poolt, kes on juba kaheksa aastat korraldanud \u00fcle-Eestilist mitmike kokkutulekut (2020. aastal j\u00e4i s\u00fcndmus koroonapandeemia t\u00f5ttu \u00e4ra). Mitmike kokkutulek on v\u00e4lja kasvanud Facebooki grupist Mitmikud ning muutunud osalevate perede \u00fcha kasvavat arvu hinnates meile k\u00f5ikidele v\u00e4ga oluliseks. S\u00fcndmuse sujuvama korralduse soovist ajendatuna koondusimegi mittetulundus\u00fchinguks ja l\u00f5ime veebikeskkonna <a href=\"http:\/\/www.eestimitmikud.ee\">www.eestimitmikud.ee<\/a>, kust Eesti mitmike tegemiste kohta leiavad infot ka need, kel Facebooki kontot ei ole. Vaata l\u00e4hemalt ka <a href=\"https:\/\/www.facebook.com\/groups\/mitmikud\/\" target=\"_blank\" rel=\"noopener noreferrer\">Facebook: Mitmikud<\/a><\/p>\n<p><strong>Meie eesm\u00e4rk:<\/strong> Eesti mitmikepered on saanud mitmek\u00fclgset infot mitmikega seotud tegevuste kohta.<br \/>\nMT\u00dc Eesti Mitmikud <strong>missioon<\/strong>\u00a0on korraldada sisukat \u00fcle-eestilist kokkutulekut ning olla vajadusel Eesti mitmikke esindavaks organisatsioon.<br \/>\nMT\u00dc Eesti Mitmikud <strong>visoon<\/strong> on olla organisatsioon, mis aitab mitmikeperedel seista oma \u00f5iguste eest ning pakkuda regulaarset kohtumisv\u00f5imalust.<\/p>\n","protected":false},"excerpt":{"rendered":"<p>Olete j\u00f5udnud MT\u00dc Eesti Mitmikud veebikoju, tere tulemast! Sinu peres kasvavad kaksikud, kolmikud v\u00f5i nelikud ehk mitmikud? Siia koondame info mitmike ja nendega seotud tegemiste kohta. MT\u00dc Eesti Mitmikud loodi 2017. aasta alguses kolme hakkaja naise poolt, kes on juba kaheksa aastat korraldanud \u00fcle-Eestilist mitmike kokkutulekut (2020. aastal j\u00e4i s\u00fcndmus koroonapandeemia t\u00f5ttu \u00e4ra). Mitmike kokkutulek&hellip; <a href=\"https:\/\/www.eestimitmikud.ee\/\" class=\"more-link\">Continue reading <span class=\"screen-reader-text\">Avaleht<\/span><\/a><\/p>\n","protected":false},"author":1,"featured_media":0,"parent":0,"menu_order":0,"comment_status":"closed","ping_status":"open","template":"","meta":{"iawp_total_views":270,"footnotes":""},"class_list":["post-2","page","type-page","status-publish","hentry"],"_links":{"self":[{"href":"https:\/\/www.eestimitmikud.ee\/index.php\/wp-json\/wp\/v2\/pages\/2","targetHints":{"allow":["GET"]}}],"collection":[{"href":"https:\/\/www.eestimitmikud.ee\/index.php\/wp-json\/wp\/v2\/pages"}],"about":[{"href":"https:\/\/www.eestimitmikud.ee\/index.php\/wp-json\/wp\/v2\/types\/page"}],"author":[{"embeddable":true,"href":"https:\/\/www.eestimitmikud.ee\/index.php\/wp-json\/wp\/v2\/users\/1"}],"replies":[{"embeddable":true,"href":"https:\/\/www.eestimitmikud.ee\/index.php\/wp-json\/wp\/v2\/comments?post=2"}],"version-history":[{"count":5,"href":"https:\/\/www.eestimitmikud.ee\/index.php\/wp-json\/wp\/v2\/pages\/2\/revisions"}],"predecessor-version":[{"id":885,"href":"https:\/\/www.eestimitmikud.ee\/index.php\/wp-json\/wp\/v2\/pages\/2\/revisions\/885"}],"wp:attachment":[{"href":"https:\/\/www.eestimitmikud.ee\/index.php\/wp-json\/wp\/v2\/media?parent=2"}],"curies":[{"name":"wp","href":"https:\/\/api.w.org\/{rel}","templated":true}]}}