{"id":273,"date":"2017-06-15T13:55:42","date_gmt":"2017-06-15T10:55:42","guid":{"rendered":"http:\/\/eestimitmikud.ee\/?page_id=273"},"modified":"2024-08-07T16:44:52","modified_gmt":"2024-08-07T13:44:52","slug":"toetajate-pakkumised","status":"publish","type":"page","link":"https:\/\/www.eestimitmikud.ee\/index.php\/toetajate-pakkumised\/","title":{"rendered":"Toetajate pakkumised"},"content":{"rendered":"<p><strong>Mitmike kokkutuleku head s\u00f5brad ja toetajad<\/strong> jagavad siin lehel toredaid pakkumisi. Kliki ja vaata l\u00e4hemalt!<\/p>\n<p><img loading=\"lazy\" decoding=\"async\" class=\"alignnone size-medium wp-image-970\" src=\"https:\/\/eestimitmikud.ee\/wp-content\/uploads\/2023\/07\/logo1_gogonano-logo-horizontal-primary-1-300x83.png\" alt=\"\" width=\"300\" height=\"83\" srcset=\"https:\/\/www.eestimitmikud.ee\/wp-content\/uploads\/2023\/07\/logo1_gogonano-logo-horizontal-primary-1-300x83.png 300w, https:\/\/www.eestimitmikud.ee\/wp-content\/uploads\/2023\/07\/logo1_gogonano-logo-horizontal-primary-1-768x213.png 768w, https:\/\/www.eestimitmikud.ee\/wp-content\/uploads\/2023\/07\/logo1_gogonano-logo-horizontal-primary-1-1024x283.png 1024w, https:\/\/www.eestimitmikud.ee\/wp-content\/uploads\/2023\/07\/logo1_gogonano-logo-horizontal-primary-1-982x272.png 982w, https:\/\/www.eestimitmikud.ee\/wp-content\/uploads\/2023\/07\/logo1_gogonano-logo-horizontal-primary-1.png 1055w\" sizes=\"auto, (max-width: 300px) 100vw, 300px\" \/><\/p>\n<p>GoGoNano uuenduslikud ja keskkonnas\u00f5bralikud nanokaitse-ja puhastusvahendid muudavad puhastamise muretuks. Alates jalan\u00f5udest ja s\u00f5idukist kuni vannitoani, GoGoNano tooted pakuvad \u00fclimat kaitset ja pikaajalist s\u00e4ra sinu v\u00e4\u00e4rtuslikele esemetele.<br \/>\nVali GoGoNano puhastus- ja kaitsevahendid, et nautida kvaliteeti ning loodus- ja keskkonnas\u00f5bralikku kaitset k\u00f5ikidel igap\u00e4evaselt kasutuses olevatel esemetel ja pindadel. GoGoNano on sinu usaldusv\u00e4\u00e4rne partner puhastuses!<br \/>\n<strong>Koodiga &#8220;Mitmikud&#8221;<\/strong>\u00a0saad\u00a0<a href=\"http:\/\/www.gogonano.com\/\" target=\"_blank\" rel=\"noopener noreferrer\" data-saferedirecturl=\"https:\/\/www.google.com\/url?q=http:\/\/www.gogonano.com&amp;source=gmail&amp;ust=1690869957841000&amp;usg=AOvVaw1-PYBLVBdaHjTMnKP7R6-0\">www.gogonano.com<\/a> e-poes k\u00f5ik vahendid ning tarvikud lausa -20% soodsamalt! Kood kehtib kuni 18.08.2024!<\/p>\n<p><img loading=\"lazy\" decoding=\"async\" class=\"alignnone size-medium wp-image-1059\" src=\"https:\/\/eestimitmikud.ee\/wp-content\/uploads\/2024\/08\/GoGoNano-kaitse-ja-puhastusvahendid-1-300x251.jpg\" alt=\"\" width=\"300\" height=\"251\" srcset=\"https:\/\/www.eestimitmikud.ee\/wp-content\/uploads\/2024\/08\/GoGoNano-kaitse-ja-puhastusvahendid-1-300x251.jpg 300w, https:\/\/www.eestimitmikud.ee\/wp-content\/uploads\/2024\/08\/GoGoNano-kaitse-ja-puhastusvahendid-1-768x644.jpg 768w, https:\/\/www.eestimitmikud.ee\/wp-content\/uploads\/2024\/08\/GoGoNano-kaitse-ja-puhastusvahendid-1.jpg 940w\" sizes=\"auto, (max-width: 300px) 100vw, 300px\" \/><\/p>\n<p>***<\/p>\n<p><img loading=\"lazy\" decoding=\"async\" class=\"alignnone size-medium wp-image-982\" src=\"https:\/\/eestimitmikud.ee\/wp-content\/uploads\/2023\/08\/RipsikEri-FB_feed-1-300x157.jpg\" alt=\"\" width=\"300\" height=\"157\" srcset=\"https:\/\/www.eestimitmikud.ee\/wp-content\/uploads\/2023\/08\/RipsikEri-FB_feed-1-300x157.jpg 300w, https:\/\/www.eestimitmikud.ee\/wp-content\/uploads\/2023\/08\/RipsikEri-FB_feed-1-768x401.jpg 768w, https:\/\/www.eestimitmikud.ee\/wp-content\/uploads\/2023\/08\/RipsikEri-FB_feed-1-1024x535.jpg 1024w, https:\/\/www.eestimitmikud.ee\/wp-content\/uploads\/2023\/08\/RipsikEri-FB_feed-1-982x513.jpg 982w, https:\/\/www.eestimitmikud.ee\/wp-content\/uploads\/2023\/08\/RipsikEri-FB_feed-1.jpg 1200w\" sizes=\"auto, (max-width: 300px) 100vw, 300px\" \/><\/p>\n<div class=\"x1e56ztr\" data-block=\"true\" data-editor=\"6q5sc\" data-offset-key=\"3i5d0-0-0\">\n<div class=\"_1mf _1mj\" data-offset-key=\"3i5d0-0-0\"><span data-offset-key=\"3i5d0-0-0\">Head uudised k\u00f5ikidele rists\u00f5nas\u00f5pradele! Ripsik \u00fc<\/span><span data-offset-key=\"3i5d0-1-0\">llatab<\/span><span data-offset-key=\"3i5d0-2-0\"> mitmikeperesid kokkutuleku loosikotis, kuid kui ainult fortuunale loota ei taha, siis on mitmikeperedele m\u00f5nus eripakkumine &#8211; Ripsiku saad tellida 6 kuuks vaid 8.50 eest! <\/span><\/div>\n<\/div>\n<div class=\"x1e56ztr\" data-block=\"true\" data-editor=\"6q5sc\" data-offset-key=\"2sgdp-0-0\">\n<div class=\"_1mf _1mj\" data-offset-key=\"2sgdp-0-0\"><span data-offset-key=\"2sgdp-0-0\">Pakkumine kehtib kuni 01.10.2023, <a href=\"https:\/\/pood.ohtuleht.ee\/mitmik?utm_source=facebook&amp;utm_medium=banner&amp;utm_campaign=Mitmikud2023&amp;utm_content=koik\" target=\"_blank\" rel=\"noopener noreferrer\">tellimislink<\/a>.<\/span><\/div>\n<div data-offset-key=\"2sgdp-0-0\"><\/div>\n<div data-offset-key=\"2sgdp-0-0\"><\/div>\n<div data-offset-key=\"2sgdp-0-0\">***<\/div>\n<div data-offset-key=\"2sgdp-0-0\"><\/div>\n<\/div>\n<p><img loading=\"lazy\" decoding=\"async\" class=\"alignnone size-medium wp-image-978\" src=\"https:\/\/eestimitmikud.ee\/wp-content\/uploads\/2023\/07\/Egm_estonia_bw_pos_RGB72-300x88.jpg\" alt=\"\" width=\"300\" height=\"88\" srcset=\"https:\/\/www.eestimitmikud.ee\/wp-content\/uploads\/2023\/07\/Egm_estonia_bw_pos_RGB72-300x88.jpg 300w, https:\/\/www.eestimitmikud.ee\/wp-content\/uploads\/2023\/07\/Egm_estonia_bw_pos_RGB72-768x225.jpg 768w, https:\/\/www.eestimitmikud.ee\/wp-content\/uploads\/2023\/07\/Egm_estonia_bw_pos_RGB72.jpg 910w\" sizes=\"auto, (max-width: 300px) 100vw, 300px\" \/><\/p>\n<p>Toredad raamatud ja vahvad ajakirjad teevad alati tuju heaks!<\/p>\n<p>Kirjastus Egmont Estonia r\u00f5\u00f5mustab taas mitmikeperesid sooduskoodiga <strong>mitmikud<\/strong>, mis\u00a0annab allahindlust <a href=\"http:\/\/www.egmont.ee\/\" target=\"_blank\" rel=\"noopener noreferrer\" data-saferedirecturl=\"https:\/\/www.google.com\/url?q=http:\/\/www.egmont.ee\/&amp;source=gmail&amp;ust=1690879574753000&amp;usg=AOvVaw0SdUSfgLvSgpKzTxsgNE9f\">www.egmont.ee<\/a>\u00a0e-poest 15% ja kehtib kuni 31.10.2023<\/p>\n<p>***<\/p>\n<p><a href=\"http:\/\/korrus3.ee\/\" target=\"_blank\" rel=\"noopener noreferrer\"><img loading=\"lazy\" decoding=\"async\" class=\"alignnone wp-image-310 size-medium\" src=\"http:\/\/eestimitmikud.ee\/wp-content\/uploads\/2017\/05\/KORRUS3_LOGO_HZ-300x145.png\" alt=\"\" width=\"300\" height=\"145\" srcset=\"https:\/\/www.eestimitmikud.ee\/wp-content\/uploads\/2017\/05\/KORRUS3_LOGO_HZ-300x145.png 300w, https:\/\/www.eestimitmikud.ee\/wp-content\/uploads\/2017\/05\/KORRUS3_LOGO_HZ.png 400w\" sizes=\"auto, (max-width: 300px) 100vw, 300px\" \/><\/a><\/p>\n<p><strong>Korrus3<\/strong> maadlusklubis on kolmikutele on\u00a0 treenimine tasuta. Lisaks olulised soodustused paljulapselistele peredele, 4 ja enama lapsega peredele, kes osalevad ka maadlusklubi tegevuses aktiivselt, on klubis lastele treenimine tasuta. Lisainfo <a href=\"https:\/\/l.facebook.com\/l.php?u=http%3A%2F%2Fwww.korrus3.ee%2F&amp;h=ATPu19YxuZejyOseMxUEt4FMekxlSILJjXCAivayFtYLSBgRcl6b81YNBHWqd3NsQj6D0J1mWs71aW6tkLfV2nKRIO7WbGnyDT_nskh1tz8eG4NMTAsWgAk7lLuicFZMftuHCw_Q_LQIKA\" target=\"_blank\" rel=\"nofollow noopener noreferrer\">www.korrus3.ee<\/a> 53627351, Martin Plaser.<\/p>\n<p>epoes t\u00e4ishinnaga toodetele alati 10% soodsamad hinnad!<\/p>\n","protected":false},"excerpt":{"rendered":"<p>Mitmike kokkutuleku head s\u00f5brad ja toetajad jagavad siin lehel toredaid pakkumisi. Kliki ja vaata l\u00e4hemalt! GoGoNano uuenduslikud ja keskkonnas\u00f5bralikud nanokaitse-ja puhastusvahendid muudavad puhastamise muretuks. Alates jalan\u00f5udest ja s\u00f5idukist kuni vannitoani, GoGoNano tooted pakuvad \u00fclimat kaitset ja pikaajalist s\u00e4ra sinu v\u00e4\u00e4rtuslikele esemetele. Vali GoGoNano puhastus- ja kaitsevahendid, et nautida kvaliteeti ning loodus- ja keskkonnas\u00f5bralikku kaitset k\u00f5ikidel&hellip; <a href=\"https:\/\/www.eestimitmikud.ee\/index.php\/toetajate-pakkumised\/\" class=\"more-link\">Continue reading <span class=\"screen-reader-text\">Toetajate pakkumised<\/span><\/a><\/p>\n","protected":false},"author":2,"featured_media":0,"parent":0,"menu_order":0,"comment_status":"closed","ping_status":"closed","template":"","meta":{"iawp_total_views":35,"footnotes":""},"class_list":["post-273","page","type-page","status-publish","hentry"],"_links":{"self":[{"href":"https:\/\/www.eestimitmikud.ee\/index.php\/wp-json\/wp\/v2\/pages\/273","targetHints":{"allow":["GET"]}}],"collection":[{"href":"https:\/\/www.eestimitmikud.ee\/index.php\/wp-json\/wp\/v2\/pages"}],"about":[{"href":"https:\/\/www.eestimitmikud.ee\/index.php\/wp-json\/wp\/v2\/types\/page"}],"author":[{"embeddable":true,"href":"https:\/\/www.eestimitmikud.ee\/index.php\/wp-json\/wp\/v2\/users\/2"}],"replies":[{"embeddable":true,"href":"https:\/\/www.eestimitmikud.ee\/index.php\/wp-json\/wp\/v2\/comments?post=273"}],"version-history":[{"count":5,"href":"https:\/\/www.eestimitmikud.ee\/index.php\/wp-json\/wp\/v2\/pages\/273\/revisions"}],"predecessor-version":[{"id":1060,"href":"https:\/\/www.eestimitmikud.ee\/index.php\/wp-json\/wp\/v2\/pages\/273\/revisions\/1060"}],"wp:attachment":[{"href":"https:\/\/www.eestimitmikud.ee\/index.php\/wp-json\/wp\/v2\/media?parent=273"}],"curies":[{"name":"wp","href":"https:\/\/api.w.org\/{rel}","templated":true}]}}