{"id":79,"date":"2017-04-11T13:16:48","date_gmt":"2017-04-11T13:16:48","guid":{"rendered":"http:\/\/eestimitmikud.ee\/?page_id=79"},"modified":"2019-07-27T23:14:57","modified_gmt":"2019-07-27T20:14:57","slug":"kasulikku","status":"publish","type":"page","link":"https:\/\/eestimitmikud.ee\/index.php\/kasulikku\/","title":{"rendered":"Kasulikku"},"content":{"rendered":"<p>Juuli 2017 algas haruldase s\u00fcndmusega &#8211; Eestis s\u00fcndisid aastak\u00fcmnete j\u00e4rel taas <strong>nelikud<\/strong>! Palju \u00f5nne, j\u00f5udu ja jaksu vanematele ning pisipiigadele!<\/p>\n<p><a href=\"http:\/\/www.postimees.ee\/4173129\/looduse-ime-eestis-sundisid-ainsad-teadaolevad-nelikud\">http:\/\/www.postimees.ee\/4173129\/looduse-ime-eestis-sundisid-ainsad-teadaolevad-nelikud<\/a><\/p>\n<p><strong>Mitmike s\u00fcndimise statistika Eestis aastatel 1922-2018<\/strong>.<\/p>\n<p>Allikas: Statistikaamet.<\/p>\n<table width=\"0\">\n<tbody>\n<tr>\n<td width=\"65\"><\/td>\n<td width=\"79\"><strong>Kaksikuid<\/strong><\/td>\n<td width=\"80\"><strong>Kolmikuid<\/strong><\/td>\n<td width=\"80\"><strong>Nelikuid<\/strong><\/td>\n<\/tr>\n<tr>\n<td>2018<\/td>\n<td>243<\/td>\n<td>2<\/td>\n<td>0<\/td>\n<\/tr>\n<tr>\n<td>2017<\/td>\n<td>227<\/td>\n<td>4<\/td>\n<td>1<\/td>\n<\/tr>\n<tr>\n<td>2016<\/td>\n<td>217<\/td>\n<td>3<\/td>\n<td>0<\/td>\n<\/tr>\n<tr>\n<td>2015<\/td>\n<td>225<\/td>\n<td>1<\/td>\n<td>0<\/td>\n<\/tr>\n<tr>\n<td>2014<\/td>\n<td>209<\/td>\n<td>0<\/td>\n<td>..<\/td>\n<\/tr>\n<tr>\n<td>2013<\/td>\n<td>199<\/td>\n<td>1<\/td>\n<td>..<\/td>\n<\/tr>\n<tr>\n<td>2012<\/td>\n<td>240<\/td>\n<td>7<\/td>\n<td>..<\/td>\n<\/tr>\n<tr>\n<td>2011<\/td>\n<td>222<\/td>\n<td>5<\/td>\n<td>..<\/td>\n<\/tr>\n<tr>\n<td>2010<\/td>\n<td>230<\/td>\n<td>4<\/td>\n<td>..<\/td>\n<\/tr>\n<tr>\n<td>2009<\/td>\n<td>266<\/td>\n<td>2<\/td>\n<td>..<\/td>\n<\/tr>\n<tr>\n<td>2008<\/td>\n<td>256<\/td>\n<td>8<\/td>\n<td>..<\/td>\n<\/tr>\n<tr>\n<td>2007<\/td>\n<td>191<\/td>\n<td>10<\/td>\n<td>..<\/td>\n<\/tr>\n<tr>\n<td>2006<\/td>\n<td>187<\/td>\n<td>3<\/td>\n<td>..<\/td>\n<\/tr>\n<tr>\n<td>2005<\/td>\n<td>186<\/td>\n<td>2<\/td>\n<td>..<\/td>\n<\/tr>\n<tr>\n<td>2004<\/td>\n<td>167<\/td>\n<td>1<\/td>\n<td>..<\/td>\n<\/tr>\n<tr>\n<td>2003<\/td>\n<td>149<\/td>\n<td>1<\/td>\n<td>..<\/td>\n<\/tr>\n<tr>\n<td>2002<\/td>\n<td>169<\/td>\n<td>1<\/td>\n<td>..<\/td>\n<\/tr>\n<tr>\n<td>2001<\/td>\n<td>146<\/td>\n<td>2<\/td>\n<td>..<\/td>\n<\/tr>\n<tr>\n<td>2000<\/td>\n<td>126<\/td>\n<td>5<\/td>\n<td>..<\/td>\n<\/tr>\n<tr>\n<td>1999<\/td>\n<td>134<\/td>\n<td>1<\/td>\n<td>..<\/td>\n<\/tr>\n<tr>\n<td>1998<\/td>\n<td>129<\/td>\n<td>2<\/td>\n<td>..<\/td>\n<\/tr>\n<tr>\n<td>1997<\/td>\n<td>102<\/td>\n<td>1<\/td>\n<td>..<\/td>\n<\/tr>\n<tr>\n<td>1996<\/td>\n<td>115<\/td>\n<td>3<\/td>\n<td>..<\/td>\n<\/tr>\n<tr>\n<td>1995<\/td>\n<td>134<\/td>\n<td>4<\/td>\n<td>..<\/td>\n<\/tr>\n<tr>\n<td>1994<\/td>\n<td>129<\/td>\n<td>1<\/td>\n<td>..<\/td>\n<\/tr>\n<tr>\n<td>1993<\/td>\n<td>127<\/td>\n<td>3<\/td>\n<td>..<\/td>\n<\/tr>\n<tr>\n<td>1992<\/td>\n<td>158<\/td>\n<td>3<\/td>\n<td>..<\/td>\n<\/tr>\n<tr>\n<td>1991<\/td>\n<td>201<\/td>\n<td>1<\/td>\n<td>..<\/td>\n<\/tr>\n<tr>\n<td>1990<\/td>\n<td>187<\/td>\n<td>1<\/td>\n<td>..<\/td>\n<\/tr>\n<tr>\n<td>1989<\/td>\n<td>208<\/td>\n<td>3<\/td>\n<td>..<\/td>\n<\/tr>\n<tr>\n<td>1988<\/td>\n<td>206<\/td>\n<td>5<\/td>\n<td>..<\/td>\n<\/tr>\n<tr>\n<td>1987<\/td>\n<td>215<\/td>\n<td>1<\/td>\n<td>..<\/td>\n<\/tr>\n<tr>\n<td>1986<\/td>\n<td>205<\/td>\n<td>3<\/td>\n<td>..<\/td>\n<\/tr>\n<tr>\n<td>1985<\/td>\n<td>183<\/td>\n<td>5<\/td>\n<td>..<\/td>\n<\/tr>\n<tr>\n<td>1984<\/td>\n<td>208<\/td>\n<td>1<\/td>\n<td>..<\/td>\n<\/tr>\n<tr>\n<td>1983<\/td>\n<td>218<\/td>\n<td>0<\/td>\n<td>..<\/td>\n<\/tr>\n<tr>\n<td>1982<\/td>\n<td>170<\/td>\n<td>0<\/td>\n<td>..<\/td>\n<\/tr>\n<tr>\n<td>1981<\/td>\n<td>195<\/td>\n<td>2<\/td>\n<td>..<\/td>\n<\/tr>\n<tr>\n<td>1980<\/td>\n<td>156<\/td>\n<td>2<\/td>\n<td>..<\/td>\n<\/tr>\n<tr>\n<td>1979<\/td>\n<td>184<\/td>\n<td>3<\/td>\n<td>..<\/td>\n<\/tr>\n<tr>\n<td>1978<\/td>\n<td>211<\/td>\n<td>1<\/td>\n<td>..<\/td>\n<\/tr>\n<tr>\n<td>1977<\/td>\n<td>194<\/td>\n<td>0<\/td>\n<td>..<\/td>\n<\/tr>\n<tr>\n<td>1976<\/td>\n<td>182<\/td>\n<td>3<\/td>\n<td>..<\/td>\n<\/tr>\n<tr>\n<td>1975<\/td>\n<td>200<\/td>\n<td>1<\/td>\n<td>..<\/td>\n<\/tr>\n<tr>\n<td>1974<\/td>\n<td>194<\/td>\n<td>0<\/td>\n<td>..<\/td>\n<\/tr>\n<tr>\n<td>1973<\/td>\n<td>196<\/td>\n<td>2<\/td>\n<td>..<\/td>\n<\/tr>\n<tr>\n<td>1972<\/td>\n<td>195<\/td>\n<td>4<\/td>\n<td>..<\/td>\n<\/tr>\n<tr>\n<td>1971<\/td>\n<td>214<\/td>\n<td>2<\/td>\n<td>..<\/td>\n<\/tr>\n<tr>\n<td>1970<\/td>\n<td>220<\/td>\n<td>3<\/td>\n<td>..<\/td>\n<\/tr>\n<tr>\n<td>1969<\/td>\n<td>243<\/td>\n<td>1<\/td>\n<td>..<\/td>\n<\/tr>\n<tr>\n<td>1968<\/td>\n<td>242<\/td>\n<td>1<\/td>\n<td>..<\/td>\n<\/tr>\n<tr>\n<td>1967<\/td>\n<td>210<\/td>\n<td>1<\/td>\n<td>..<\/td>\n<\/tr>\n<tr>\n<td>1966<\/td>\n<td>218<\/td>\n<td>5<\/td>\n<td>..<\/td>\n<\/tr>\n<tr>\n<td>1965<\/td>\n<td>242<\/td>\n<td>0<\/td>\n<td>..<\/td>\n<\/tr>\n<tr>\n<td>1964<\/td>\n<td>240<\/td>\n<td>3<\/td>\n<td>..<\/td>\n<\/tr>\n<tr>\n<td>1963<\/td>\n<td>233<\/td>\n<td>0<\/td>\n<td>..<\/td>\n<\/tr>\n<tr>\n<td>1962<\/td>\n<td>243<\/td>\n<td>1<\/td>\n<td>..<\/td>\n<\/tr>\n<tr>\n<td>1961<\/td>\n<td>253<\/td>\n<td>1<\/td>\n<td>..<\/td>\n<\/tr>\n<tr>\n<td>1960<\/td>\n<td>252<\/td>\n<td>5<\/td>\n<td>..<\/td>\n<\/tr>\n<tr>\n<td>1959<\/td>\n<td>244<\/td>\n<td>2<\/td>\n<td>..<\/td>\n<\/tr>\n<tr>\n<td>1958<\/td>\n<td>262<\/td>\n<td>3<\/td>\n<td>..<\/td>\n<\/tr>\n<tr>\n<td>1957<\/td>\n<td>274<\/td>\n<td>0<\/td>\n<td>..<\/td>\n<\/tr>\n<tr>\n<td>1956<\/td>\n<td>244<\/td>\n<td>0<\/td>\n<td>..<\/td>\n<\/tr>\n<tr>\n<td>1955<\/td>\n<td>282<\/td>\n<td>2<\/td>\n<td>..<\/td>\n<\/tr>\n<tr>\n<td>1954<\/td>\n<td>301<\/td>\n<td>2<\/td>\n<td>..<\/td>\n<\/tr>\n<tr>\n<td>1953<\/td>\n<td>279<\/td>\n<td>0<\/td>\n<td>..<\/td>\n<\/tr>\n<tr>\n<td>1952<\/td>\n<td>292<\/td>\n<td>2<\/td>\n<td>..<\/td>\n<\/tr>\n<tr>\n<td>1951<\/td>\n<td>315<\/td>\n<td>3<\/td>\n<td>..<\/td>\n<\/tr>\n<tr>\n<td>1950<\/td>\n<td>282<\/td>\n<td>2<\/td>\n<td>..<\/td>\n<\/tr>\n<tr>\n<td>1949<\/td>\n<td>307<\/td>\n<td>2<\/td>\n<td>..<\/td>\n<\/tr>\n<tr>\n<td>1948<\/td>\n<td>318<\/td>\n<td>5<\/td>\n<td>..<\/td>\n<\/tr>\n<tr>\n<td>1947<\/td>\n<td>329<\/td>\n<td>4<\/td>\n<td>..<\/td>\n<\/tr>\n<tr>\n<td>1946<\/td>\n<td>340<\/td>\n<td>0<\/td>\n<td>..<\/td>\n<\/tr>\n<tr>\n<td>1945<\/td>\n<td>226<\/td>\n<td>1<\/td>\n<td>..<\/td>\n<\/tr>\n<tr>\n<td>1944<\/td>\n<td>..<\/td>\n<td>..<\/td>\n<td>..<\/td>\n<\/tr>\n<tr>\n<td>1943<\/td>\n<td>..<\/td>\n<td>..<\/td>\n<td>..<\/td>\n<\/tr>\n<tr>\n<td>1942<\/td>\n<td>..<\/td>\n<td>..<\/td>\n<td>..<\/td>\n<\/tr>\n<tr>\n<td>1941<\/td>\n<td>..<\/td>\n<td>..<\/td>\n<td>..<\/td>\n<\/tr>\n<tr>\n<td>1940<\/td>\n<td>..<\/td>\n<td>..<\/td>\n<td>..<\/td>\n<\/tr>\n<tr>\n<td>1939<\/td>\n<td>..<\/td>\n<td>..<\/td>\n<td>..<\/td>\n<\/tr>\n<tr>\n<td>1938<\/td>\n<td>257<\/td>\n<td>3<\/td>\n<td>..<\/td>\n<\/tr>\n<tr>\n<td>1937<\/td>\n<td>283<\/td>\n<td>3<\/td>\n<td>..<\/td>\n<\/tr>\n<tr>\n<td>1936<\/td>\n<td>279<\/td>\n<td>2<\/td>\n<td>..<\/td>\n<\/tr>\n<tr>\n<td>1935<\/td>\n<td>294<\/td>\n<td>3<\/td>\n<td>..<\/td>\n<\/tr>\n<tr>\n<td>1934<\/td>\n<td>280<\/td>\n<td>1<\/td>\n<td>..<\/td>\n<\/tr>\n<tr>\n<td>1933<\/td>\n<td>292<\/td>\n<td>1<\/td>\n<td>..<\/td>\n<\/tr>\n<tr>\n<td>1932<\/td>\n<td>294<\/td>\n<td>3<\/td>\n<td>..<\/td>\n<\/tr>\n<tr>\n<td>1931<\/td>\n<td>275<\/td>\n<td>4<\/td>\n<td>..<\/td>\n<\/tr>\n<tr>\n<td>1930<\/td>\n<td>278<\/td>\n<td>9<\/td>\n<td>..<\/td>\n<\/tr>\n<tr>\n<td>1929<\/td>\n<td>281<\/td>\n<td>3<\/td>\n<td>..<\/td>\n<\/tr>\n<tr>\n<td>1928<\/td>\n<td>298<\/td>\n<td>7<\/td>\n<td>..<\/td>\n<\/tr>\n<tr>\n<td>1927<\/td>\n<td>276<\/td>\n<td>6<\/td>\n<td>..<\/td>\n<\/tr>\n<tr>\n<td>1926<\/td>\n<td>268<\/td>\n<td>6<\/td>\n<td>..<\/td>\n<\/tr>\n<tr>\n<td>1925<\/td>\n<td>299<\/td>\n<td>3<\/td>\n<td>..<\/td>\n<\/tr>\n<tr>\n<td>1924<\/td>\n<td>320<\/td>\n<td>0<\/td>\n<td>..<\/td>\n<\/tr>\n<tr>\n<td>1923<\/td>\n<td>304<\/td>\n<td>0<\/td>\n<td>..<\/td>\n<\/tr>\n<tr>\n<td>1922<\/td>\n<td>316<\/td>\n<td>4<\/td>\n<td>..<\/td>\n<\/tr>\n<\/tbody>\n<\/table>\n","protected":false},"excerpt":{"rendered":"<p>Juuli 2017 algas haruldase s\u00fcndmusega &#8211; Eestis s\u00fcndisid aastak\u00fcmnete j\u00e4rel taas nelikud! Palju \u00f5nne, j\u00f5udu ja jaksu vanematele ning pisipiigadele! http:\/\/www.postimees.ee\/4173129\/looduse-ime-eestis-sundisid-ainsad-teadaolevad-nelikud Mitmike s\u00fcndimise statistika Eestis aastatel 1922-2018. Allikas: Statistikaamet. Kaksikuid Kolmikuid Nelikuid 2018 243 2 0 2017 227 4 1 2016 217 3 0 2015 225 1 0 2014 209 0 .. 2013 199 1&hellip; <a href=\"https:\/\/eestimitmikud.ee\/index.php\/kasulikku\/\" class=\"more-link\">Continue reading <span class=\"screen-reader-text\">Kasulikku<\/span><\/a><\/p>\n","protected":false},"author":2,"featured_media":0,"parent":0,"menu_order":0,"comment_status":"closed","ping_status":"closed","template":"","meta":{"iawp_total_views":73,"footnotes":""},"class_list":["post-79","page","type-page","status-publish","hentry"],"_links":{"self":[{"href":"https:\/\/eestimitmikud.ee\/index.php\/wp-json\/wp\/v2\/pages\/79","targetHints":{"allow":["GET"]}}],"collection":[{"href":"https:\/\/eestimitmikud.ee\/index.php\/wp-json\/wp\/v2\/pages"}],"about":[{"href":"https:\/\/eestimitmikud.ee\/index.php\/wp-json\/wp\/v2\/types\/page"}],"author":[{"embeddable":true,"href":"https:\/\/eestimitmikud.ee\/index.php\/wp-json\/wp\/v2\/users\/2"}],"replies":[{"embeddable":true,"href":"https:\/\/eestimitmikud.ee\/index.php\/wp-json\/wp\/v2\/comments?post=79"}],"version-history":[{"count":5,"href":"https:\/\/eestimitmikud.ee\/index.php\/wp-json\/wp\/v2\/pages\/79\/revisions"}],"predecessor-version":[{"id":749,"href":"https:\/\/eestimitmikud.ee\/index.php\/wp-json\/wp\/v2\/pages\/79\/revisions\/749"}],"wp:attachment":[{"href":"https:\/\/eestimitmikud.ee\/index.php\/wp-json\/wp\/v2\/media?parent=79"}],"curies":[{"name":"wp","href":"https:\/\/api.w.org\/{rel}","templated":true}]}}